{"id":403,"date":"2023-12-15T04:38:26","date_gmt":"2023-12-15T03:38:26","guid":{"rendered":"https:\/\/krzyszczuk.pl\/?page_id=403"},"modified":"2023-12-16T09:47:30","modified_gmt":"2023-12-16T08:47:30","slug":"real-dream-vision","status":"publish","type":"page","link":"https:\/\/krzyszczuk.pl\/index.php\/real-dream-vision\/","title":{"rendered":"Real Dream Vision"},"content":{"rendered":"\n<figure class=\"wp-block-image aligncenter size-full is-resized\"><img loading=\"lazy\" decoding=\"async\" width=\"700\" height=\"400\" src=\"https:\/\/krzyszczuk.pl\/wp-content\/uploads\/2023\/12\/rdv-1.jpg\" alt=\"\" class=\"wp-image-419\" style=\"width:352px;height:auto\" srcset=\"https:\/\/krzyszczuk.pl\/wp-content\/uploads\/2023\/12\/rdv-1.jpg 700w, https:\/\/krzyszczuk.pl\/wp-content\/uploads\/2023\/12\/rdv-1-300x171.jpg 300w\" sizes=\"auto, (max-width: 700px) 100vw, 700px\" \/><\/figure>\n\n\n\n<p><strong>Real Dream Vision<\/strong> Sp. z o.o. zosta\u0142a powo\u0142ana w 2019 roku w wyniku formalizowania spraw zwi\u0105zanych z realizacj\u0105 projektu VR &#8211; <a href=\"https:\/\/kanaly44.pl\">Kana\u0142y &#8217;44<\/a>.  Za\u0142o\u017cycielami byli Agata Sztyber-S\u0142awek, Micha\u0142 S\u0142awek oraz Krystian Krzyszczuk. Obecnie sp\u00f3\u0142ka nale\u017cy do Kacpra i Krystiana Krzyszczuka, zachowuj\u0105c przy tym wsparcie poprzednich w\u0142a\u015bcicieli. Wkr\u00f3tce po powo\u0142aniu w\u0142a\u015bciciele wytyczyli g\u0142\u00f3wne kierunki rozwoju, gdzie najwi\u0119kszy nacisk mia\u0142 zosta\u0107 po\u0142o\u017cony na:<\/p>\n\n\n\n<p>1. Tworzenie aplikacji i multimedialnych instalacji w oparciu o cyfrowe technologie: silnik Unreal Engine, modelowanie 3D oraz wykorzystanie rozszerzonej rzeczywisto\u015bci (AR \u2013 Augmented Reality), wirtualnej rzeczywisto\u015bci (VR \u2013 Virtual Reality) oraz d\u017awi\u0119ku binauralnego. <\/p>\n\n\n\n<p>2. Projektowanie instalacji artystycznych i obiekt\u00f3w ma\u0142ej architektury przy wykorzystaniu r\u00f3\u017cnych medi\u00f3w i dziedzin sztuki.<\/p>\n\n\n\n<figure class=\"wp-block-pullquote has-text-color has-link-color wp-elements-36323cf8d512cfdeee074c9c797be188\" style=\"color:#2681d7\"><blockquote><p>\u0141\u0105czymy \u015bwiat wirtualny z rzeczywistym,<br>nowoczesne technologie ze sztuk\u0105 &#8211;<br>opowiadamy historie i wzbudzamy emocje.<\/p><\/blockquote><\/figure>\n\n\n\n<h2 class=\"wp-block-heading\">1. Idea<\/h2>\n\n\n\n<p>Punktem wyj\u015bcia ka\u017cdego projektu jest koncepcja. Uwa\u017camy, \u017ce kluczowym elementem wirtualnego do\u015bwiadczenia jest wci\u0105gaj\u0105ca fabu\u0142a (storytelling). K\u0142adziemy du\u017cy nacisk na to, aby powie\u015b\u0107 zosta\u0142a prze\u0142o\u017cona na interaktywne do\u015bwiadczenie, pozwalaj\u0105ce u\u017cytkownikowi w pe\u0142ni do\u015bwiadczy\u0107 immersji &#8211; ca\u0142kowitego wnikni\u0119cia w \u015bwiat narracji. Prace koncepcyjne i studia przypadku maj\u0105 na celu zar\u00f3wno uzyskanie<br>ciekawego efektu wizualnego, jak i warto\u015bci dodanej (edukacj\u0119, popularyzacj\u0119 kultury i sztuki itp.).<\/p>\n\n\n\n<h2 class=\"wp-block-heading\">2. Projekt<\/h2>\n\n\n\n<p>Przygotowane przez scenariusze, makiety, concept arts, projekty koncepcyjne przekazywane s\u0105 do realizacji przez zesp\u00f3\u0142 zawi\u0105zany na potrzeby danego projektu. Wsp\u00f3\u0142pracujemy z artystami, grafikami, konstruktorami, studiami gier czy programistami. W zale\u017cno\u015bci od potrzeb naszych Klient\u00f3w i wymaga\u0144 projektu nawi\u0105zujemy wsp\u00f3\u0142prac\u0119 z wiod\u0105cymi o\u015brodkami akademickimi oraz si\u0119gamy po wsparcie merytoryczne u specjalist\u00f3w danych dziedzin.<\/p>\n\n\n\n<h2 class=\"wp-block-heading\">3. Realizacja<\/h2>\n\n\n\n<p>Po przygotowaniu dokumentacji pe\u0142nimy nadz\u00f3r autorski nad realizacj\u0105, testujemy wybrane rozwi\u0105zania i razem z wykonawcami prowadzimy projekt do samego ko\u0144ca.<\/p>\n\n\n\n<figure class=\"wp-block-image size-large\"><img loading=\"lazy\" decoding=\"async\" width=\"1024\" height=\"33\" src=\"https:\/\/krzyszczuk.pl\/wp-content\/uploads\/2023\/12\/line-4-1024x33.png\" alt=\"\" class=\"wp-image-409\" srcset=\"https:\/\/krzyszczuk.pl\/wp-content\/uploads\/2023\/12\/line-4-1024x33.png 1024w, https:\/\/krzyszczuk.pl\/wp-content\/uploads\/2023\/12\/line-4-300x10.png 300w, https:\/\/krzyszczuk.pl\/wp-content\/uploads\/2023\/12\/line-4-768x25.png 768w, https:\/\/krzyszczuk.pl\/wp-content\/uploads\/2023\/12\/line-4.png 1200w\" sizes=\"auto, (max-width: 1024px) 100vw, 1024px\" \/><\/figure>\n\n\n\n<p><strong>Wa\u017cniejsze projekty zrealizowane<\/strong> do tej pory, w kt\u00f3re cz\u0119\u015bciowo lub w ca\u0142o\u015bci sp\u00f3\u0142ka by\u0142a zaanga\u017cowana:<\/p>\n\n\n\n<ol class=\"wp-block-list\">\n<li><a href=\"https:\/\/kanaly44.pl\">Kana\u0142y &#8217;44<\/a> | projekt zako\u0144czony &#8211; aplikacja VR na PC. Zadanie: stworzenie wyj\u0105tkowej aplikacji, pozwalaj\u0105cej na zanurzenie si\u0119 w \u015bwiat niedost\u0119pnej sieci kanalizacyjnej wykorzystywanej przez powsta\u0144c\u00f3w w trakcie Powstania Warszawskiego 1944. Opowiadamy histori\u0119 kuriera przemierzaj\u0105cego podziemny labirynt  z wa\u017cnymi meldunkami powsta\u0144czymi.<\/li>\n\n\n\n<li> <a href=\"https:\/\/krzyszczuk.pl\/index.php\/staroslowianska-osada-bohaterowie-i-demony\/\">Staros\u0142owia\u0144ska osada<\/a> | projekt zako\u0144czony &#8211; park rozrywki i edukacji dla dzieci. Zadanie: przygotowanie pomys\u0142\u00f3w i koncepcji cz\u0119\u015bci atrakcji, wykonanie lub nadz\u00f3r inwestorski nad wykonaniem wybranych rozwi\u0105za\u0144.<\/li>\n\n\n\n<li><a href=\"https:\/\/sghradoslaw44.pl\/muzeum\/\">Muzeum Pami\u0119ci Powstania Warszawskiego<\/a> | projekt w trakcie realizacji &#8211; Grupa Historyczna Zgrupowanie Rados\u0142aw. Zadanie: digitalizacja zasob\u00f3w muzeum do modeli 3D przy wykorzystaniu skanera stacjonarnego.<\/li>\n<\/ol>\n\n\n\n<figure class=\"wp-block-image size-large\"><img loading=\"lazy\" decoding=\"async\" width=\"1024\" height=\"33\" src=\"https:\/\/krzyszczuk.pl\/wp-content\/uploads\/2023\/12\/line-4-1024x33.png\" alt=\"\" class=\"wp-image-409\" srcset=\"https:\/\/krzyszczuk.pl\/wp-content\/uploads\/2023\/12\/line-4-1024x33.png 1024w, https:\/\/krzyszczuk.pl\/wp-content\/uploads\/2023\/12\/line-4-300x10.png 300w, https:\/\/krzyszczuk.pl\/wp-content\/uploads\/2023\/12\/line-4-768x25.png 768w, https:\/\/krzyszczuk.pl\/wp-content\/uploads\/2023\/12\/line-4.png 1200w\" sizes=\"auto, (max-width: 1024px) 100vw, 1024px\" \/><\/figure>\n\n\n\n<p>Poni\u017cej przedstawiamy zakres dzia\u0142a\u0144, kt\u00f3re sp\u00f3\u0142ka jest w stanie zrealizowa\u0107 dla naszych Partner\u00f3w: <\/p>\n\n\n\n<h4 class=\"wp-block-heading\">&gt; Sztuka i r\u0119kodzie\u0142o<\/h4>\n\n\n\n<details class=\"wp-block-details is-layout-flow wp-block-details-is-layout-flow\"><summary>zobacz wi\u0119cej &#8211; klik<\/summary>\n<p>&#8211; rze\u017aby &#8211; elementy scenografii, eksponaty;<br>&#8211; obrazy i grafiki do wn\u0119trz;<br>&#8211; projektowanie i wykonywanie murali<\/p>\n<\/details>\n\n\n\n<p><\/p>\n\n\n\n<h4 class=\"wp-block-heading\">&gt; Koncepcje artystyczne<\/h4>\n\n\n\n<details class=\"wp-block-details is-layout-flow wp-block-details-is-layout-flow\"><summary>zobacz wi\u0119cej &#8211; klik<\/summary>\n<p>&#8211; concept arts &#8211; projekt lokacji, przedmiotu, postaci przedstawiony w formie szkic\u00f3w;<br>&#8211; tworzenie plan\u00f3w park\u00f3w rozrywki i nietypowych przestrzeni;<br>&#8211; projektowanie atrakcji do park\u00f3w rozrywki;<br>&#8211; projektowanie i wykonanie instalacji artystycznych i scenografii.<\/p>\n<\/details>\n\n\n\n<p><\/p>\n\n\n\n<h4 class=\"wp-block-heading\">&gt; Modelowanie 3D i digitalizacja<\/h4>\n\n\n\n<details class=\"wp-block-details is-layout-flow wp-block-details-is-layout-flow\"><summary>zobacz wi\u0119cej &#8211; klik<\/summary>\n<p>&#8211; skanowanie 3D z teksturami i bez;<br>&#8211; model 3D: z teksturami i dostosowany do animacji (zrigowany);<br>&#8211; wizualizacje;<br>&#8211; interaktywne wizualizacje 3D i AR.<\/p>\n<\/details>\n\n\n\n<figure class=\"wp-block-image size-large\"><img loading=\"lazy\" decoding=\"async\" width=\"1024\" height=\"33\" src=\"https:\/\/krzyszczuk.pl\/wp-content\/uploads\/2023\/12\/line-4-1024x33.png\" alt=\"\" class=\"wp-image-409\" srcset=\"https:\/\/krzyszczuk.pl\/wp-content\/uploads\/2023\/12\/line-4-1024x33.png 1024w, https:\/\/krzyszczuk.pl\/wp-content\/uploads\/2023\/12\/line-4-300x10.png 300w, https:\/\/krzyszczuk.pl\/wp-content\/uploads\/2023\/12\/line-4-768x25.png 768w, https:\/\/krzyszczuk.pl\/wp-content\/uploads\/2023\/12\/line-4.png 1200w\" sizes=\"auto, (max-width: 1024px) 100vw, 1024px\" \/><\/figure>\n\n\n\n<p><\/p>\n\n\n\n<p>Wycena projektu realizowana jest indywidualnie na bazie bezpo\u015brednich ustale\u0144 oraz zgodnie z potrzebami, wytycznymi i wymogami Inwestora. Szyjemy rozwi\u0105zania na miar\u0119, w tym obszarze podchodzimy do kalkulacji<br>indywidualnie, rozwa\u017caj\u0105c optymalne scenariusze. <\/p>\n\n\n\n<p>Zapraszamy do kontaktu i rozm\u00f3w!<br>+48 5OI O59 524 &#8211; Krystian<\/p>\n\n\n\n<p><\/p>\n","protected":false},"excerpt":{"rendered":"<p>Real Dream Vision Sp. z o.o. zosta\u0142a powo\u0142ana w 2019 roku w wyniku formalizowania spraw zwi\u0105zanych z realizacj\u0105 projektu VR &#8211; Kana\u0142y &#8217;44. Za\u0142o\u017cycielami byli Agata Sztyber-S\u0142awek, Micha\u0142 S\u0142awek oraz Krystian Krzyszczuk. Obecnie sp\u00f3\u0142ka nale\u017cy do Kacpra i Krystiana Krzyszczuka, zachowuj\u0105c przy tym wsparcie poprzednich w\u0142a\u015bcicieli. Wkr\u00f3tce po powo\u0142aniu w\u0142a\u015bciciele wytyczyli g\u0142\u00f3wne kierunki rozwoju, gdzie&#8230;<\/p>\n","protected":false},"author":1,"featured_media":0,"parent":0,"menu_order":0,"comment_status":"closed","ping_status":"closed","template":"","meta":{"footnotes":""},"class_list":["post-403","page","type-page","status-publish","hentry"],"_links":{"self":[{"href":"https:\/\/krzyszczuk.pl\/index.php\/wp-json\/wp\/v2\/pages\/403","targetHints":{"allow":["GET"]}}],"collection":[{"href":"https:\/\/krzyszczuk.pl\/index.php\/wp-json\/wp\/v2\/pages"}],"about":[{"href":"https:\/\/krzyszczuk.pl\/index.php\/wp-json\/wp\/v2\/types\/page"}],"author":[{"embeddable":true,"href":"https:\/\/krzyszczuk.pl\/index.php\/wp-json\/wp\/v2\/users\/1"}],"replies":[{"embeddable":true,"href":"https:\/\/krzyszczuk.pl\/index.php\/wp-json\/wp\/v2\/comments?post=403"}],"version-history":[{"count":18,"href":"https:\/\/krzyszczuk.pl\/index.php\/wp-json\/wp\/v2\/pages\/403\/revisions"}],"predecessor-version":[{"id":437,"href":"https:\/\/krzyszczuk.pl\/index.php\/wp-json\/wp\/v2\/pages\/403\/revisions\/437"}],"wp:attachment":[{"href":"https:\/\/krzyszczuk.pl\/index.php\/wp-json\/wp\/v2\/media?parent=403"}],"curies":[{"name":"wp","href":"https:\/\/api.w.org\/{rel}","templated":true}]}}